{"id":101,"date":"2023-10-17T12:42:45","date_gmt":"2023-10-17T09:42:45","guid":{"rendered":"https:\/\/www.prometheus.av.tr\/?page_id=101"},"modified":"2023-10-17T13:13:34","modified_gmt":"2023-10-17T10:13:34","slug":"anasayfa","status":"publish","type":"page","link":"https:\/\/www.prometheus.av.tr\/","title":{"rendered":"Prometheus \u00d6zkan Aydemir"},"content":{"rendered":"\t\t<div data-elementor-type=\"wp-page\" data-elementor-id=\"101\" class=\"elementor elementor-101\">\n\t\t\t\t\t\t\t<div class=\"elementor-element elementor-element-a62bd33 e-flex e-con-boxed e-con e-parent\" data-id=\"a62bd33\" data-element_type=\"container\" data-settings=\"{&quot;content_width&quot;:&quot;boxed&quot;}\" data-core-v316-plus=\"true\">\n\t\t\t\t\t<div class=\"e-con-inner\">\n\t\t<div class=\"elementor-element elementor-element-9d8da6a e-con-full e-flex e-con e-child\" data-id=\"9d8da6a\" data-element_type=\"container\" data-settings=\"{&quot;content_width&quot;:&quot;full&quot;}\">\n\t\t\t\t<div class=\"elementor-element elementor-element-ad78c7a elementor-widget elementor-widget-text-editor\" data-id=\"ad78c7a\" data-element_type=\"widget\" data-widget_type=\"text-editor.default\">\n\t\t\t\t<div class=\"elementor-widget-container\">\n\t\t\t<style>\/*! elementor - v3.16.0 - 09-10-2023 *\/\n.elementor-widget-text-editor.elementor-drop-cap-view-stacked .elementor-drop-cap{background-color:#69727d;color:#fff}.elementor-widget-text-editor.elementor-drop-cap-view-framed .elementor-drop-cap{color:#69727d;border:3px solid;background-color:transparent}.elementor-widget-text-editor:not(.elementor-drop-cap-view-default) .elementor-drop-cap{margin-top:8px}.elementor-widget-text-editor:not(.elementor-drop-cap-view-default) .elementor-drop-cap-letter{width:1em;height:1em}.elementor-widget-text-editor .elementor-drop-cap{float:left;text-align:center;line-height:1;font-size:50px}.elementor-widget-text-editor .elementor-drop-cap-letter{display:inline-block}<\/style>\t\t\t\t<p><img decoding=\"async\" loading=\"lazy\" class=\"wp-image-85 aligncenter\" src=\"http:\/\/www.prometheus.av.tr\/wp-content\/uploads\/2016\/03\/ozkan150.jpg\" alt=\"\" width=\"188\" height=\"231\" srcset=\"https:\/\/www.prometheus.av.tr\/wp-content\/uploads\/2016\/03\/ozkan150.jpg 122w, https:\/\/www.prometheus.av.tr\/wp-content\/uploads\/2016\/03\/ozkan150-119x146.jpg 119w, https:\/\/www.prometheus.av.tr\/wp-content\/uploads\/2016\/03\/ozkan150-41x50.jpg 41w, https:\/\/www.prometheus.av.tr\/wp-content\/uploads\/2016\/03\/ozkan150-61x75.jpg 61w\" sizes=\"(max-width: 188px) 100vw, 188px\" \/><br \/><br \/>Prometheus, bir volkan\u0131n i\u00e7inde ya\u015fayan ve ate\u015fi kullanarak madenleri eriten tanr\u0131 Hephaistos\u2019un yan\u0131na gelmi\u015f. Onun sahip oldu\u011fu ate\u015ften bir k\u0131v\u0131lc\u0131m alarak, ate\u015fi insanlara ula\u015ft\u0131rm\u0131\u015f. Bunun \u00fczerine Zeus kendisinden habersiz olarak ate\u015fi \u00e7al\u0131p, insanlara veren Prometheus\u2019a \u00e7ok k\u0131zm\u0131\u015f. Kafkas da\u011flar\u0131n\u0131n tepesinde yal\u00e7\u0131n kayal\u0131klara zincirler ile ba\u011flatm\u0131\u015f. K\u0131\u015f\u0131n ve gecenin so\u011fu\u011fu bir yandan, yaz\u0131n s\u0131ca\u011f\u0131 bir yandan Prometheus burada ba\u011fl\u0131 olarak kal\u0131rken, bunlara ek olarak her g\u00fcn bir kartal gelerek Prometheus\u2019 un ci\u011ferini didik didik ederek yiyormu\u015f. Zeus kendisinin reva g\u00f6rd\u00fc\u011f\u00fc bu i\u015fkenceye daha fazla dayanamay\u0131p, Prometheus\u2019u affederek Olimpos&#8217;a \u00f6l\u00fcms\u00fczler aras\u0131na alm\u0131\u015f.<br \/>O g\u00fcnden sonra insanlar daha iyi beslenerek, daha s\u0131cak ortamlarda kalarak ve uygarl\u0131klar\u0131n\u0131 y\u00fckselterek bu g\u00fcnlere gelebilmi\u015fler.<\/p><p>Uzman Dr. Bahad\u0131r Bak\u0131m &#8211;\u00a0<a href=\"https:\/\/www.prometheus.av.tr\/www.isnet.net.tr\/egitim\/saglik\/prometheus.htm\">Mitoloji ve Psikoloji Serisi<\/a><\/p><p>Prometheus ate\u015fi tanr\u0131lardan \u00e7alm\u0131\u015f ve insanlara vermi\u015f, tanr\u0131lar\u0131n kurmu\u015f oldu\u011fu d\u00fczene kar\u015f\u0131 geldi\u011fi i\u00e7in de zincire vurulmu\u015f, yaman bir cezaya \u00e7arpt\u0131r\u0131lm\u0131\u015ft\u0131r.<\/p><p>Azra Erhat &#8211; Mitoloji S\u00f6zl\u00fc\u011f\u00fc<\/p><p>ate\u015fi \u00e7almaya gittim promete\u2019nin da\u011flara zincirli bileklerinden<br \/>ge\u00e7ip buza kesmi\u015f yanarda\u011f a\u011f\u0131zlar\u0131nda u\u011fuldayan r\u00fczg\u00e2r m\u0131zraklar\u0131ndan<br \/>ate\u015fi \u00e7almaya gittim abdal pir sultan\u2019\u0131n kan \u015fafaklara m\u00fch\u00fcrl\u00fc t\u00fcrk\u00fcs\u00fcnden<br \/>ge\u00e7ip spartacus\u2019un bir da\u011f yamac\u0131nda g\u00f6m\u00fcl\u00fc duran k\u0131l\u0131\u00e7 \u0131\u015f\u0131lt\u0131s\u0131ndan<br \/>ate\u015fi \u00e7almaya gittim dervi\u015f yunus\u2019un h\u0131rkas\u0131n\u0131 y\u00fcre\u011fime sar\u0131narak<br \/>ge\u00e7ip \u00e7\u0131ralanm\u0131\u015f bozk\u0131r g\u00f6klerindeki ince y\u0131ld\u0131z g\u00f6zelerinden<br \/>ate\u015fi \u00e7almaya gittim tanr\u0131lar\u0131n y\u0131ld\u0131r\u0131mlar\u0131n\u0131 \u00e7elimsiz ellerimle yararak<br \/>ate\u015fi \u00e7almaya gittim beynimin hatlar\u0131ndan tanr\u0131lar\u0131n yasalar\u0131n\u0131 yakarak<\/p><p><br \/>Emirhan O\u011fuz \u2013 \u015fiir &#8211; ate\u015f h\u0131rs\u0131zlar\u0131 s\u00f6ylencesi<\/p>\t\t\t\t\t\t<\/div>\n\t\t\t\t<\/div>\n\t\t\t\t<\/div>\n\t\t<div class=\"elementor-element elementor-element-06dad07 e-con-full e-flex e-con e-child\" data-id=\"06dad07\" data-element_type=\"container\" data-settings=\"{&quot;content_width&quot;:&quot;full&quot;}\">\n\t\t\t\t<div class=\"elementor-element elementor-element-8ee9693 elementor-widget elementor-widget-image\" data-id=\"8ee9693\" data-element_type=\"widget\" data-widget_type=\"image.default\">\n\t\t\t\t<div class=\"elementor-widget-container\">\n\t\t\t<style>\/*! elementor - v3.16.0 - 09-10-2023 *\/\n.elementor-widget-image{text-align:center}.elementor-widget-image a{display:inline-block}.elementor-widget-image a img[src$=\".svg\"]{width:48px}.elementor-widget-image img{vertical-align:middle;display:inline-block}<\/style>\t\t\t\t\t\t\t\t\t\t\t\t<img decoding=\"async\" loading=\"lazy\" width=\"610\" height=\"796\" src=\"https:\/\/www.prometheus.av.tr\/wp-content\/uploads\/2015\/03\/adalet.png\" class=\"attachment-large size-large wp-image-86\" alt=\"\" srcset=\"https:\/\/www.prometheus.av.tr\/wp-content\/uploads\/2015\/03\/adalet.png 610w, https:\/\/www.prometheus.av.tr\/wp-content\/uploads\/2015\/03\/adalet-230x300.png 230w, https:\/\/www.prometheus.av.tr\/wp-content\/uploads\/2015\/03\/adalet-112x146.png 112w, https:\/\/www.prometheus.av.tr\/wp-content\/uploads\/2015\/03\/adalet-38x50.png 38w, https:\/\/www.prometheus.av.tr\/wp-content\/uploads\/2015\/03\/adalet-57x75.png 57w\" sizes=\"(max-width: 610px) 100vw, 610px\" \/>\t\t\t\t\t\t\t\t\t\t\t\t\t\t\t<\/div>\n\t\t\t\t<\/div>\n\t\t\t\t<\/div>\n\t\t\t\t\t<\/div>\n\t\t\t\t<\/div>\n\t\t\t\t\t\t\t<\/div>\n\t\t","protected":false},"excerpt":{"rendered":"<p>Prometheus, bir volkan\u0131n i\u00e7inde ya\u015fayan ve ate\u015fi kullanarak madenleri eriten tanr\u0131 Hephaistos\u2019un yan\u0131na gelmi\u015f. Onun sahip oldu\u011fu ate\u015ften bir k\u0131v\u0131lc\u0131m alarak, ate\u015fi insanlara ula\u015ft\u0131rm\u0131\u015f. Bunun \u00fczerine Zeus kendisinden habersiz olarak ate\u015fi \u00e7al\u0131p, insanlara veren Prometheus\u2019a \u00e7ok k\u0131zm\u0131\u015f. Kafkas da\u011flar\u0131n\u0131n tepesinde yal\u00e7\u0131n kayal\u0131klara zincirler ile ba\u011flatm\u0131\u015f. K\u0131\u015f\u0131n ve gecenin so\u011fu\u011fu bir yandan, yaz\u0131n s\u0131ca\u011f\u0131 bir yandan [&hellip;]<\/p>\n","protected":false},"author":1,"featured_media":0,"parent":0,"menu_order":0,"comment_status":"closed","ping_status":"closed","template":"","meta":{"footnotes":""},"_links":{"self":[{"href":"https:\/\/www.prometheus.av.tr\/index.php\/wp-json\/wp\/v2\/pages\/101"}],"collection":[{"href":"https:\/\/www.prometheus.av.tr\/index.php\/wp-json\/wp\/v2\/pages"}],"about":[{"href":"https:\/\/www.prometheus.av.tr\/index.php\/wp-json\/wp\/v2\/types\/page"}],"author":[{"embeddable":true,"href":"https:\/\/www.prometheus.av.tr\/index.php\/wp-json\/wp\/v2\/users\/1"}],"replies":[{"embeddable":true,"href":"https:\/\/www.prometheus.av.tr\/index.php\/wp-json\/wp\/v2\/comments?post=101"}],"version-history":[{"count":5,"href":"https:\/\/www.prometheus.av.tr\/index.php\/wp-json\/wp\/v2\/pages\/101\/revisions"}],"predecessor-version":[{"id":110,"href":"https:\/\/www.prometheus.av.tr\/index.php\/wp-json\/wp\/v2\/pages\/101\/revisions\/110"}],"wp:attachment":[{"href":"https:\/\/www.prometheus.av.tr\/index.php\/wp-json\/wp\/v2\/media?parent=101"}],"curies":[{"name":"wp","href":"https:\/\/api.w.org\/{rel}","templated":true}]}}